{"id":247,"date":"2014-08-18T14:08:06","date_gmt":"2014-08-18T14:08:06","guid":{"rendered":"http:\/\/www.gt3themes.com\/wordpress-themes\/pure\/?page_id=247"},"modified":"2024-09-18T17:52:41","modified_gmt":"2024-09-18T15:52:41","slug":"about-our-studio","status":"publish","type":"page","link":"https:\/\/gtgraphisme.fr\/?page_id=247","title":{"rendered":"\u00c0 propos"},"content":{"rendered":"\t\t<div data-elementor-type=\"wp-page\" data-elementor-id=\"247\" class=\"elementor elementor-247\">\n\t\t\t\t\t\t<section class=\"elementor-section elementor-top-section elementor-element elementor-element-20fc6e59 elementor-section-full_width elementor-section-height-default elementor-section-height-default\" data-id=\"20fc6e59\" data-element_type=\"section\">\n\t\t\t\t\t\t<div class=\"elementor-container elementor-column-gap-default\">\n\t\t\t\t\t<div class=\"elementor-column elementor-col-100 elementor-top-column elementor-element elementor-element-e80c2c2\" data-id=\"e80c2c2\" data-element_type=\"column\">\n\t\t\t<div class=\"elementor-widget-wrap elementor-element-populated\">\n\t\t\t\t\t\t<div class=\"elementor-element elementor-element-6fab9209 elementor-widget elementor-widget-text-editor\" data-id=\"6fab9209\" data-element_type=\"widget\" data-widget_type=\"text-editor.default\">\n\t\t\t\t<div class=\"elementor-widget-container\">\n\t\t\t\t\t\t\t\t\t<p><\/p>\n<figure class=\"wp-block-image\"><img decoding=\"async\" src=\"http:\/\/gtgraphisme.fr\/wp-content\/uploads\/2017\/11\/id-tof-1.png\" alt=\"\" \/><\/figure>\n<p><\/p>\n<p><\/p>\n<p><\/p>\n<p><\/p>\n<p><\/p>\n<p><\/p>\n<p class=\"has-text-align-left\" style=\"text-align: left;\">Illustrateur de formation, dipl\u00f4m\u00e9 de l\u2019\u00c9cole Pivaut de Nantes, je r\u00e9alise mes premiers travaux dans la sph\u00e8re musicale.<\/p>\n<p style=\"text-align: left;\"><\/p>\n<p style=\"text-align: left;\"><\/p>\n<p style=\"text-align: left;\">D\u00e9sireux d\u2019\u00e9largir mes comp\u00e9tences et passionn\u00e9 par l\u2019image en g\u00e9n\u00e9ral et par les m\u00e9tiers du papier plus particuli\u00e8rement, je m\u2019oriente en parall\u00e8le vers une formation de maquettiste afin de ma\u00eetriser les outils techniques ainsi que la culture des m\u00e9tiers de l\u2019Imprimerie.<\/p>\n<p style=\"text-align: left;\"><\/p>\n<p style=\"text-align: left;\"><\/p>\n<p style=\"text-align: left;\">Je b\u00e9n\u00e9ficie d\u2019une exp\u00e9rience de neuf ans en tant que graphiste et maquettiste et de plus de dix ans en tant qu\u2019illustrateur.<\/p>\n<p><\/p>\t\t\t\t\t\t\t\t<\/div>\n\t\t\t\t<\/div>\n\t\t\t\t\t<\/div>\n\t\t<\/div>\n\t\t\t\t\t<\/div>\n\t\t<\/section>\n\t\t\t\t<\/div>\n\t\t<div class=\"clearfix\"><\/div>","protected":false},"excerpt":{"rendered":"<p>Illustrateur de formation, dipl\u00f4m\u00e9 de l\u2019\u00c9cole Pivaut de Nantes, je r\u00e9alise mes premiers travaux dans la sph\u00e8re musicale. D\u00e9sireux d\u2019\u00e9largir mes comp\u00e9tences et passionn\u00e9 par l\u2019image en g\u00e9n\u00e9ral et par les m\u00e9tiers du papier plus particuli\u00e8rement, je m\u2019oriente en parall\u00e8le vers une formation de maquettiste afin de ma\u00eetriser les outils techniques ainsi que la culture [&hellip;]<\/p>\n","protected":false},"author":1,"featured_media":0,"parent":0,"menu_order":0,"comment_status":"open","ping_status":"open","template":"","meta":{"footnotes":""},"class_list":["post-247","page","type-page","status-publish","hentry"],"_links":{"self":[{"href":"https:\/\/gtgraphisme.fr\/index.php?rest_route=\/wp\/v2\/pages\/247","targetHints":{"allow":["GET"]}}],"collection":[{"href":"https:\/\/gtgraphisme.fr\/index.php?rest_route=\/wp\/v2\/pages"}],"about":[{"href":"https:\/\/gtgraphisme.fr\/index.php?rest_route=\/wp\/v2\/types\/page"}],"author":[{"embeddable":true,"href":"https:\/\/gtgraphisme.fr\/index.php?rest_route=\/wp\/v2\/users\/1"}],"replies":[{"embeddable":true,"href":"https:\/\/gtgraphisme.fr\/index.php?rest_route=%2Fwp%2Fv2%2Fcomments&post=247"}],"version-history":[{"count":28,"href":"https:\/\/gtgraphisme.fr\/index.php?rest_route=\/wp\/v2\/pages\/247\/revisions"}],"predecessor-version":[{"id":758,"href":"https:\/\/gtgraphisme.fr\/index.php?rest_route=\/wp\/v2\/pages\/247\/revisions\/758"}],"wp:attachment":[{"href":"https:\/\/gtgraphisme.fr\/index.php?rest_route=%2Fwp%2Fv2%2Fmedia&parent=247"}],"curies":[{"name":"wp","href":"https:\/\/api.w.org\/{rel}","templated":true}]}}